{"id":7,"date":"2026-04-17T12:20:23","date_gmt":"2026-04-17T12:20:23","guid":{"rendered":"https:\/\/ipekinternational.com\/?page_id=7"},"modified":"2026-04-17T15:56:33","modified_gmt":"2026-04-17T15:56:33","slug":"home","status":"publish","type":"page","link":"https:\/\/ipekinternational.com\/","title":{"rendered":""},"content":{"rendered":"\n<h2 class=\"wp-block-heading has-vivid-red-color has-text-color has-link-color wp-elements-2e9fc73f304e99aecc655f851798c080\">Uluslararas\u0131 Ticari Heyet Organizasyonlar\u0131<\/h2>\n\n\n\n<p>T\u00fcrkiye\u2019de faaliyet g\u00f6steren firmalar\u0131n Avrupa, Amerika ve Asya pazarlar\u0131na a\u00e7\u0131lmas\u0131n\u0131 sa\u011flayan kurumsal ticari heyet organizasyonlar\u0131 d\u00fczenliyoruz.<\/p>\n\n\n\n<hr class=\"wp-block-separator has-alpha-channel-opacity\"\/>\n\n\n\n<h2 class=\"wp-block-heading has-black-color has-text-color has-link-color wp-elements-dae99e69bb6220617ceb93d08497e4a9\">Ne Yap\u0131yoruz?<\/h2>\n\n\n\n<ul class=\"wp-block-list\">\n<li>B2B G\u00f6r\u00fc\u015fmeler organize ediyoruz.<\/li>\n\n\n\n<li>Avrupa, Asya ve Amerika pazarlar\u0131na giri\u015f s\u00fcre\u00e7lerini y\u00f6netiyoruz<\/li>\n\n\n\n<li>Uluslararas\u0131 i\u015f ba\u011flant\u0131lar\u0131 kurman\u0131z\u0131 sa\u011fl\u0131yoruz<\/li>\n\n\n\n<li>\u00dcr\u00fcn ve hizmetlerinizi do\u011fru platformlarda konumland\u0131r\u0131yoruz.<br><br><\/li>\n<\/ul>\n\n\n\n<h2 class=\"wp-block-heading has-black-color has-text-color has-link-color wp-elements-03c073c3b2a4e26f4e6a1c4b02acf3a7\">Aktif Programlar\u0131m\u0131z:<\/h2>\n\n\n\n<div class=\"wp-block-columns is-layout-flex wp-container-core-columns-is-layout-28f84493 wp-block-columns-is-layout-flex\">\n<div class=\"wp-block-column has-background is-layout-flow wp-container-core-column-is-layout-f9f13c46 wp-block-column-is-layout-flow\" style=\"border-width:4px;border-top-left-radius:8px;border-top-right-radius:8px;border-bottom-left-radius:8px;border-bottom-right-radius:8px;background-color:#f5f5f5;padding-top:20px;padding-right:15px;padding-bottom:20px;padding-left:15px;flex-basis:25%\">\n<h2 class=\"wp-block-heading has-text-align-left has-black-color has-text-color has-link-color wp-elements-98f682fc060963a251b4a39601f21a97\">EMLAK<\/h2>\n\n\n\n<h6 class=\"wp-block-heading has-text-align-left has-black-color has-text-color has-link-color wp-elements-5262eb89e0c9f72d3652c90107b17a5f\">Emlak Sekt\u00f6r\u00fc Avrupa Program\u0131<\/h6>\n\n\n\n<p class=\"has-text-align-left\">Avrupa\u2019daki emlak ofisleri ve yat\u0131r\u0131mc\u0131larla do\u011frudan B2B g\u00f6r\u00fc\u015fmeler.<\/p>\n\n\n\n<div class=\"wp-block-buttons is-content-justification-left is-layout-flex wp-container-core-buttons-is-layout-fc4fd283 wp-block-buttons-is-layout-flex\">\n<div class=\"wp-block-button\"><a class=\"wp-block-button__link wp-element-button\"><strong>Ba\u015fvuru Yap<\/strong><\/a><\/div>\n<\/div>\n<\/div>\n\n\n\n<div class=\"wp-block-column has-background is-layout-flow wp-container-core-column-is-layout-f9f13c46 wp-block-column-is-layout-flow\" style=\"border-width:4px;border-top-left-radius:8px;border-top-right-radius:8px;border-bottom-left-radius:8px;border-bottom-right-radius:8px;background-color:#f5f5f5;padding-top:20px;padding-right:15px;padding-bottom:20px;padding-left:15px;flex-basis:25%\">\n<h2 class=\"wp-block-heading has-text-align-left has-black-color has-text-color has-link-color wp-elements-a46c5058275eebb1ad017d39391a2bde\">SA\u011eLIK <\/h2>\n\n\n\n<h6 class=\"wp-block-heading has-text-align-left has-black-color has-text-color has-link-color wp-elements-0b826ecf9af21bd34050e7b681a978af\">Sa\u011fl\u0131k Turizmi Avrupa Program\u0131<\/h6>\n\n\n\n<p class=\"has-text-align-left\">Hasta y\u00f6nlendirme ajanslar\u0131 ve uluslararas\u0131 partnerlerle i\u015f g\u00f6r\u00fc\u015fmeleri.<\/p>\n\n\n\n<div class=\"wp-block-buttons is-content-justification-left is-layout-flex wp-container-core-buttons-is-layout-fc4fd283 wp-block-buttons-is-layout-flex\">\n<div class=\"wp-block-button\"><a class=\"wp-block-button__link wp-element-button\"><strong>Ba\u015fvuru Yap<\/strong><\/a><\/div>\n<\/div>\n<\/div>\n\n\n\n<div class=\"wp-block-column is-layout-flow wp-block-column-is-layout-flow\"><\/div>\n\n\n\n<div class=\"wp-block-column has-background is-layout-flow wp-container-core-column-is-layout-f9f13c46 wp-block-column-is-layout-flow\" style=\"border-width:4px;border-top-left-radius:7px;border-top-right-radius:7px;border-bottom-left-radius:7px;border-bottom-right-radius:7px;background-color:#f5f5f5;padding-top:20px;padding-right:15px;padding-bottom:20px;padding-left:15px;flex-basis:25%\">\n<h2 class=\"wp-block-heading has-text-align-left has-black-color has-text-color has-link-color wp-elements-b1a6cee841625eaac3628ed4263bb7d6\">FASHION<\/h2>\n\n\n\n<h6 class=\"wp-block-heading has-text-align-left has-black-color has-text-color has-link-color wp-elements-1bf6f408477151a69ab2473c67059ab5\">Turkish Fashion Avrupa Program\u0131<\/h6>\n\n\n\n<p class=\"has-text-align-left\">Avrupa\u2019daki al\u0131c\u0131lar ve distrib\u00fct\u00f6rlerle i\u015f ba\u011flant\u0131lar\u0131 kurma f\u0131rsat\u0131.<\/p>\n\n\n\n<div class=\"wp-block-buttons is-content-justification-left is-layout-flex wp-container-core-buttons-is-layout-fc4fd283 wp-block-buttons-is-layout-flex\">\n<div class=\"wp-block-button\"><a class=\"wp-block-button__link wp-element-button\"><strong>Ba\u015fvuru Yap<\/strong><\/a><\/div>\n<\/div>\n<\/div>\n\n\n\n<div class=\"wp-block-column has-background is-layout-flow wp-container-core-column-is-layout-a0f90503 wp-block-column-is-layout-flow\" style=\"border-width:4px;border-top-left-radius:8px;border-top-right-radius:8px;border-bottom-left-radius:8px;border-bottom-right-radius:8px;background-color:#f5f5f5;padding-top:20px;padding-right:15px;padding-bottom:20px;padding-left:15px;flex-basis:25%\">\n<h2 class=\"wp-block-heading has-text-align-left has-black-color has-text-color has-link-color wp-elements-e768a3a6f167d41322c86223abf0adc0\">MOB\u0130LYA<\/h2>\n\n\n\n<h6 class=\"wp-block-heading has-text-align-left has-black-color has-text-color has-link-color wp-elements-59ba6c42c9ea5c94e37cb93454038744\">Mobilya Sekt\u00f6r\u00fc Avrupa Program\u0131<\/h6>\n\n\n\n<p class=\"has-text-align-left\">Avrupa pazar\u0131na a\u00e7\u0131lmak isteyen \u00fcreticiler i\u00e7in B2B organizasyonlar.<br><br><\/p>\n\n\n\n<div class=\"wp-block-buttons is-content-justification-left is-layout-flex wp-container-core-buttons-is-layout-fc4fd283 wp-block-buttons-is-layout-flex\">\n<div class=\"wp-block-button\"><a class=\"wp-block-button__link wp-element-button\"><strong>Ba\u015fvuru Yap<\/strong><\/a><\/div>\n<\/div>\n<\/div>\n<\/div>\n\n\n\n<p><\/p>\n\n\n\n<p><\/p>\n\n\n\n<h2 class=\"wp-block-heading has-black-color has-text-color has-link-color wp-elements-76a846efd9eec54834d530b13f98787a\">\u015eirket Bilgileri ve Referanslar<\/h2>\n\n\n\n<p>Company: VIVA Lines \u2013 Netherlands<br>KVK: 81909845<br>VAT: NL003617756B65<br>\ud83d\udce7 <a>contact@ipekinternational.com<\/a><br>\ud83d\udcf1 +31 631 226 818<\/p>\n\n\n\n<p><\/p>\n","protected":false},"excerpt":{"rendered":"<p>Uluslararas\u0131 Ticari Heyet Organizasyonlar\u0131 T\u00fcrkiye\u2019de faaliyet g\u00f6steren firmalar\u0131n Avrupa, Amerika ve Asya pazarlar\u0131na a\u00e7\u0131lmas\u0131n\u0131 sa\u011flayan kurumsal ticari heyet organizasyonlar\u0131 d\u00fczenliyoruz. [&hellip;]<\/p>\n","protected":false},"author":1,"featured_media":0,"parent":0,"menu_order":0,"comment_status":"closed","ping_status":"closed","template":"","meta":{"site-sidebar-layout":"default","site-content-layout":"","ast-site-content-layout":"default","site-content-style":"default","site-sidebar-style":"default","ast-global-header-display":"","ast-banner-title-visibility":"","ast-main-header-display":"","ast-hfb-above-header-display":"","ast-hfb-below-header-display":"","ast-hfb-mobile-header-display":"","site-post-title":"","ast-breadcrumbs-content":"","ast-featured-img":"","footer-sml-layout":"","ast-disable-related-posts":"","theme-transparent-header-meta":"","adv-header-id-meta":"","stick-header-meta":"","header-above-stick-meta":"","header-main-stick-meta":"","header-below-stick-meta":"","astra-migrate-meta-layouts":"default","ast-page-background-enabled":"default","ast-page-background-meta":{"desktop":{"background-color":"var(--ast-global-color-5)","background-image":"","background-repeat":"repeat","background-position":"center center","background-size":"auto","background-attachment":"scroll","background-type":"","background-media":"","overlay-type":"","overlay-color":"","overlay-opacity":"","overlay-gradient":""},"tablet":{"background-color":"","background-image":"","background-repeat":"repeat","background-position":"center center","background-size":"auto","background-attachment":"scroll","background-type":"","background-media":"","overlay-type":"","overlay-color":"","overlay-opacity":"","overlay-gradient":""},"mobile":{"background-color":"","background-image":"","background-repeat":"repeat","background-position":"center center","background-size":"auto","background-attachment":"scroll","background-type":"","background-media":"","overlay-type":"","overlay-color":"","overlay-opacity":"","overlay-gradient":""}},"ast-content-background-meta":{"desktop":{"background-color":"var(--ast-global-color-4)","background-image":"","background-repeat":"repeat","background-position":"center center","background-size":"auto","background-attachment":"scroll","background-type":"","background-media":"","overlay-type":"","overlay-color":"","overlay-opacity":"","overlay-gradient":""},"tablet":{"background-color":"var(--ast-global-color-4)","background-image":"","background-repeat":"repeat","background-position":"center center","background-size":"auto","background-attachment":"scroll","background-type":"","background-media":"","overlay-type":"","overlay-color":"","overlay-opacity":"","overlay-gradient":""},"mobile":{"background-color":"var(--ast-global-color-4)","background-image":"","background-repeat":"repeat","background-position":"center center","background-size":"auto","background-attachment":"scroll","background-type":"","background-media":"","overlay-type":"","overlay-color":"","overlay-opacity":"","overlay-gradient":""}},"footnotes":""},"class_list":["post-7","page","type-page","status-publish","hentry"],"_links":{"self":[{"href":"https:\/\/ipekinternational.com\/index.php?rest_route=\/wp\/v2\/pages\/7","targetHints":{"allow":["GET"]}}],"collection":[{"href":"https:\/\/ipekinternational.com\/index.php?rest_route=\/wp\/v2\/pages"}],"about":[{"href":"https:\/\/ipekinternational.com\/index.php?rest_route=\/wp\/v2\/types\/page"}],"author":[{"embeddable":true,"href":"https:\/\/ipekinternational.com\/index.php?rest_route=\/wp\/v2\/users\/1"}],"replies":[{"embeddable":true,"href":"https:\/\/ipekinternational.com\/index.php?rest_route=%2Fwp%2Fv2%2Fcomments&post=7"}],"version-history":[{"count":28,"href":"https:\/\/ipekinternational.com\/index.php?rest_route=\/wp\/v2\/pages\/7\/revisions"}],"predecessor-version":[{"id":28,"href":"https:\/\/ipekinternational.com\/index.php?rest_route=\/wp\/v2\/pages\/7\/revisions\/28"}],"wp:attachment":[{"href":"https:\/\/ipekinternational.com\/index.php?rest_route=%2Fwp%2Fv2%2Fmedia&parent=7"}],"curies":[{"name":"wp","href":"https:\/\/api.w.org\/{rel}","templated":true}]}}